{"id":4113,"date":"1970-01-01T00:00:00","date_gmt":"1969-12-31T22:00:00","guid":{"rendered":"https:\/\/schablono.dev\/?product=tribal-11"},"modified":"2022-11-09T13:11:12","modified_gmt":"2022-11-09T12:11:12","slug":"tribal-11","status":"publish","type":"product","link":"https:\/\/designschablone-wandschablonen.de\/en\/schablonenshop\/tribal-11\/","title":{"rendered":"Tribal 11"},"content":{"rendered":"<p class=\"wpsg_produkt_additional_information\">Kunststoff-Tupfschablone, ca. 0,25 mm, halbtransparent, abwaschbar und wiederverwendbar in Maler-Profiqualit\u00e4t. Alle unserer Schablonenmotive k\u00f6nnen Sie auch als Klebeschablone zum einmaligen Gebrauch erhalten. Anfragen bitte per Mail: info@ab-design-berlin.de<\/p>\n<div class=\"wpsg_produkt_additional_information\"><span class=\"product-field-display\"><span class=\"product-field-display\"><strong>Gr\u00f6\u00dfen:\u00a0<\/strong>Alle Gr\u00f6\u00dfenangaben beziehen sich auf die Schablonengr\u00f6\u00dfe. Das Motiv ist ca. 1 &#8211; 2 cm kleiner. Da wir individuell im Hause fertigen, k\u00f6nnen Sie bei uns gerne per Mail Ihre Wunschgr\u00f6\u00dfe des Motivs bestellen.<\/span><\/span><\/div>\n<div class=\"wpsg_produkt_additional_information\"><\/div>\n<div class=\"wpsg_produkt_additional_information\"><strong>Individuell:\u00a0<\/strong>Haben Sie eigene Ideen f\u00fcr Ihre Wandgestaltung?\u00a0Oder suchen Sie ein einzigartiges Geschenk? Geben Sie Ihrem Raum eine individuelle Note!<br \/>\nWir bieten Ihnen unsere grafische Leistung f\u00fcr die Erstellung eigener Schablonen an. Wir gestalten nach Ihren W\u00fcnschen. Ihre Anfrage senden Sie uns bitte per Mail oder rufen einfach an. Wir beraten Sie gerne. Es \u00bbscribbelt\u00ab uns in den Fingern. Und die Schablone in Ihrer Wunschgr\u00f6\u00dfe fertigen wir passend zu Ihrer Raumsituation. Wir freuen uns auf Ihren Anruf: 030\/818 270 74.<br \/>\n<strong>Anwendung:<\/strong> Mit nur einer Schablone (als endlose Wandbord\u00fcre mit Passermarken versehen), Farbe und dem passenden Werkzeug lassen sich komplette Raumgestaltungen realisieren, die Ihre pers\u00f6nliche Handschrift tragen. Unsere Beispiel-Farbgestaltungen in unserem Shop werden Ihre Kreativit\u00e4t befl\u00fcgeln. Dabei k\u00f6nnen Sie mit der Schablonentechnik u. a. Dekobjekte, M\u00f6bel, Stoffe und beliebige Accessoires versch\u00f6nern. Bitte nutzen Sie unser umfangreiches Zubeh\u00f6r (italienische Schablonenfarbe, Pinsel und ggf. Haftmittel u.v.m.) f\u00fcr ein perfektes und immer wiederholbares Ergebnis und beachten unsere Anwendungshinweise.<\/div>\n<div class=\"wpsg_produkt_additional_information\"><span class=\"product-field-display\"><span class=\"product-field-display\">\u00a0<\/span><\/span><\/div>\n","protected":false},"excerpt":{"rendered":"<div class=\"wpsg_produkt_additional_information\">\n<div class=\"wpsg_produkt_beschreibung\">\n<h3><span class=\"Apple-style-span\" style=\"color: #909090; font-size: 12px; font-weight: 300; line-height: 20px;\">wiederverwendbare Kunststoff-Tupfschablone\u00a0<\/span><\/h3>\n<h3><span class=\"Apple-style-span\" style=\"color: #909090; font-size: 12px; font-weight: 300; line-height: 20px;\">abwaschbar, halbtransparent, St\u00e4rke ca. 0,25 mm in Maler-Profiqualit\u00e4t.<\/span><\/h3>\n<p>&nbsp;<\/p>\n<\/div>\n<\/div>\n","protected":false},"featured_media":10007,"template":"","meta":{"_acf_changed":false},"product_brand":[],"product_cat":[38],"product_tag":[839],"class_list":{"0":"post-4113","1":"product","2":"type-product","3":"status-publish","4":"has-post-thumbnail","6":"product_cat-tattoo-wandschablonen","7":"product_tag-tribal-11","8":"pa_groesse-40x15cm","9":"pa_groesse-56x21cm","10":"pa_groesse-80x30cm","11":"post","12":"post-with-thumbnail","13":"post-with-thumbnail-large","15":"first","16":"instock","17":"taxable","18":"shipping-taxable","19":"purchasable","20":"product-type-variable"},"acf":[],"yoast_head":"<!-- This site is optimized with the Yoast SEO plugin v26.4 - https:\/\/yoast.com\/wordpress\/plugins\/seo\/ -->\n<title>Wandschablonen Tribal 11 - Schablono<\/title>\n<meta name=\"description\" content=\"Wandschablone Tribal 11: wiederverwendbare Kunststoff-Tupfschablone\u00a0 abwaschbar, halbtransparent, St\u00e4rke ca. 0,25 mm in Maler-Profiqualit\u00e4t. &nbsp;\" \/>\n<meta name=\"robots\" content=\"index, follow, max-snippet:-1, max-image-preview:large, max-video-preview:-1\" \/>\n<link rel=\"canonical\" href=\"https:\/\/designschablone-wandschablonen.de\/en\/schablonenshop\/tribal-11\/\" \/>\n<meta property=\"og:locale\" content=\"en_US\" \/>\n<meta property=\"og:type\" content=\"article\" \/>\n<meta property=\"og:title\" content=\"Wandschablonen Tribal 11 - Schablono\" \/>\n<meta property=\"og:description\" content=\"Wandschablone Tribal 11: wiederverwendbare Kunststoff-Tupfschablone\u00a0 abwaschbar, halbtransparent, St\u00e4rke ca. 0,25 mm in Maler-Profiqualit\u00e4t. &nbsp;\" \/>\n<meta property=\"og:url\" content=\"https:\/\/designschablone-wandschablonen.de\/en\/schablonenshop\/tribal-11\/\" \/>\n<meta property=\"og:site_name\" content=\"Schablono\" \/>\n<meta property=\"article:publisher\" content=\"https:\/\/www.facebook.com\/schablono\" \/>\n<meta property=\"article:modified_time\" content=\"2022-11-09T12:11:12+00:00\" \/>\n<meta property=\"og:image\" content=\"https:\/\/designschablone-wandschablonen.de\/wp-content\/uploads\/1970\/01\/0336_tribal11_wandschablone.jpg\" \/>\n\t<meta property=\"og:image:width\" content=\"1024\" \/>\n\t<meta property=\"og:image:height\" content=\"385\" \/>\n\t<meta property=\"og:image:type\" content=\"image\/jpeg\" \/>\n<meta name=\"twitter:label1\" content=\"Est. reading time\" \/>\n\t<meta name=\"twitter:data1\" content=\"1 minute\" \/>\n<script type=\"application\/ld+json\" class=\"yoast-schema-graph\">{\"@context\":\"https:\/\/schema.org\",\"@graph\":[{\"@type\":\"WebPage\",\"@id\":\"https:\/\/designschablone-wandschablonen.de\/en\/schablonenshop\/tribal-11\/\",\"url\":\"https:\/\/designschablone-wandschablonen.de\/en\/schablonenshop\/tribal-11\/\",\"name\":\"Wandschablonen Tribal 11 - Schablono\",\"isPartOf\":{\"@id\":\"https:\/\/designschablone-wandschablonen.de\/en\/#website\"},\"primaryImageOfPage\":{\"@id\":\"https:\/\/designschablone-wandschablonen.de\/en\/schablonenshop\/tribal-11\/#primaryimage\"},\"image\":{\"@id\":\"https:\/\/designschablone-wandschablonen.de\/en\/schablonenshop\/tribal-11\/#primaryimage\"},\"thumbnailUrl\":\"https:\/\/designschablone-wandschablonen.de\/wp-content\/uploads\/1970\/01\/0336_tribal11_wandschablone.jpg\",\"datePublished\":\"1969-12-31T22:00:00+00:00\",\"dateModified\":\"2022-11-09T12:11:12+00:00\",\"description\":\"Wandschablone Tribal 11: wiederverwendbare Kunststoff-Tupfschablone\u00a0 abwaschbar, halbtransparent, St\u00e4rke ca. 0,25 mm in Maler-Profiqualit\u00e4t. &nbsp;\",\"breadcrumb\":{\"@id\":\"https:\/\/designschablone-wandschablonen.de\/en\/schablonenshop\/tribal-11\/#breadcrumb\"},\"inLanguage\":\"en-US\",\"potentialAction\":[{\"@type\":\"ReadAction\",\"target\":[\"https:\/\/designschablone-wandschablonen.de\/en\/schablonenshop\/tribal-11\/\"]}]},{\"@type\":\"ImageObject\",\"inLanguage\":\"en-US\",\"@id\":\"https:\/\/designschablone-wandschablonen.de\/en\/schablonenshop\/tribal-11\/#primaryimage\",\"url\":\"https:\/\/designschablone-wandschablonen.de\/wp-content\/uploads\/1970\/01\/0336_tribal11_wandschablone.jpg\",\"contentUrl\":\"https:\/\/designschablone-wandschablonen.de\/wp-content\/uploads\/1970\/01\/0336_tribal11_wandschablone.jpg\",\"width\":1024,\"height\":385,\"caption\":\"Wanschablone Tattoo Tribal11\"},{\"@type\":\"BreadcrumbList\",\"@id\":\"https:\/\/designschablone-wandschablonen.de\/en\/schablonenshop\/tribal-11\/#breadcrumb\",\"itemListElement\":[{\"@type\":\"ListItem\",\"position\":1,\"name\":\"Home\",\"item\":\"https:\/\/designschablone-wandschablonen.de\/en\/\"},{\"@type\":\"ListItem\",\"position\":2,\"name\":\"EN SHOP\",\"item\":\"https:\/\/designschablone-wandschablonen.de\/en\/schablonenshop\/\"},{\"@type\":\"ListItem\",\"position\":3,\"name\":\"Tribal 11\"}]},{\"@type\":\"WebSite\",\"@id\":\"https:\/\/designschablone-wandschablonen.de\/en\/#website\",\"url\":\"https:\/\/designschablone-wandschablonen.de\/en\/\",\"name\":\"Schablono\",\"description\":\"Die ganze Welt der dekorativen Wandgestaltung\",\"potentialAction\":[{\"@type\":\"SearchAction\",\"target\":{\"@type\":\"EntryPoint\",\"urlTemplate\":\"https:\/\/designschablone-wandschablonen.de\/en\/?s={search_term_string}\"},\"query-input\":{\"@type\":\"PropertyValueSpecification\",\"valueRequired\":true,\"valueName\":\"search_term_string\"}}],\"inLanguage\":\"en-US\"}]}<\/script>\n<!-- \/ Yoast SEO plugin. -->","yoast_head_json":{"title":"Wandschablonen Tribal 11 - Schablono","description":"Wandschablone Tribal 11: wiederverwendbare Kunststoff-Tupfschablone\u00a0 abwaschbar, halbtransparent, St\u00e4rke ca. 0,25 mm in Maler-Profiqualit\u00e4t. &nbsp;","robots":{"index":"index","follow":"follow","max-snippet":"max-snippet:-1","max-image-preview":"max-image-preview:large","max-video-preview":"max-video-preview:-1"},"canonical":"https:\/\/designschablone-wandschablonen.de\/en\/schablonenshop\/tribal-11\/","og_locale":"en_US","og_type":"article","og_title":"Wandschablonen Tribal 11 - Schablono","og_description":"Wandschablone Tribal 11: wiederverwendbare Kunststoff-Tupfschablone\u00a0 abwaschbar, halbtransparent, St\u00e4rke ca. 0,25 mm in Maler-Profiqualit\u00e4t. &nbsp;","og_url":"https:\/\/designschablone-wandschablonen.de\/en\/schablonenshop\/tribal-11\/","og_site_name":"Schablono","article_publisher":"https:\/\/www.facebook.com\/schablono","article_modified_time":"2022-11-09T12:11:12+00:00","og_image":[{"width":1024,"height":385,"url":"https:\/\/designschablone-wandschablonen.de\/wp-content\/uploads\/1970\/01\/0336_tribal11_wandschablone.jpg","type":"image\/jpeg"}],"twitter_misc":{"Est. reading time":"1 minute"},"schema":{"@context":"https:\/\/schema.org","@graph":[{"@type":"WebPage","@id":"https:\/\/designschablone-wandschablonen.de\/en\/schablonenshop\/tribal-11\/","url":"https:\/\/designschablone-wandschablonen.de\/en\/schablonenshop\/tribal-11\/","name":"Wandschablonen Tribal 11 - Schablono","isPartOf":{"@id":"https:\/\/designschablone-wandschablonen.de\/en\/#website"},"primaryImageOfPage":{"@id":"https:\/\/designschablone-wandschablonen.de\/en\/schablonenshop\/tribal-11\/#primaryimage"},"image":{"@id":"https:\/\/designschablone-wandschablonen.de\/en\/schablonenshop\/tribal-11\/#primaryimage"},"thumbnailUrl":"https:\/\/designschablone-wandschablonen.de\/wp-content\/uploads\/1970\/01\/0336_tribal11_wandschablone.jpg","datePublished":"1969-12-31T22:00:00+00:00","dateModified":"2022-11-09T12:11:12+00:00","description":"Wandschablone Tribal 11: wiederverwendbare Kunststoff-Tupfschablone\u00a0 abwaschbar, halbtransparent, St\u00e4rke ca. 0,25 mm in Maler-Profiqualit\u00e4t. &nbsp;","breadcrumb":{"@id":"https:\/\/designschablone-wandschablonen.de\/en\/schablonenshop\/tribal-11\/#breadcrumb"},"inLanguage":"en-US","potentialAction":[{"@type":"ReadAction","target":["https:\/\/designschablone-wandschablonen.de\/en\/schablonenshop\/tribal-11\/"]}]},{"@type":"ImageObject","inLanguage":"en-US","@id":"https:\/\/designschablone-wandschablonen.de\/en\/schablonenshop\/tribal-11\/#primaryimage","url":"https:\/\/designschablone-wandschablonen.de\/wp-content\/uploads\/1970\/01\/0336_tribal11_wandschablone.jpg","contentUrl":"https:\/\/designschablone-wandschablonen.de\/wp-content\/uploads\/1970\/01\/0336_tribal11_wandschablone.jpg","width":1024,"height":385,"caption":"Wanschablone Tattoo Tribal11"},{"@type":"BreadcrumbList","@id":"https:\/\/designschablone-wandschablonen.de\/en\/schablonenshop\/tribal-11\/#breadcrumb","itemListElement":[{"@type":"ListItem","position":1,"name":"Home","item":"https:\/\/designschablone-wandschablonen.de\/en\/"},{"@type":"ListItem","position":2,"name":"EN SHOP","item":"https:\/\/designschablone-wandschablonen.de\/en\/schablonenshop\/"},{"@type":"ListItem","position":3,"name":"Tribal 11"}]},{"@type":"WebSite","@id":"https:\/\/designschablone-wandschablonen.de\/en\/#website","url":"https:\/\/designschablone-wandschablonen.de\/en\/","name":"Schablono","description":"Die ganze Welt der dekorativen Wandgestaltung","potentialAction":[{"@type":"SearchAction","target":{"@type":"EntryPoint","urlTemplate":"https:\/\/designschablone-wandschablonen.de\/en\/?s={search_term_string}"},"query-input":{"@type":"PropertyValueSpecification","valueRequired":true,"valueName":"search_term_string"}}],"inLanguage":"en-US"}]}},"_links":{"self":[{"href":"https:\/\/designschablone-wandschablonen.de\/en\/wp-json\/wp\/v2\/product\/4113","targetHints":{"allow":["GET"]}}],"collection":[{"href":"https:\/\/designschablone-wandschablonen.de\/en\/wp-json\/wp\/v2\/product"}],"about":[{"href":"https:\/\/designschablone-wandschablonen.de\/en\/wp-json\/wp\/v2\/types\/product"}],"wp:featuredmedia":[{"embeddable":true,"href":"https:\/\/designschablone-wandschablonen.de\/en\/wp-json\/wp\/v2\/media\/10007"}],"wp:attachment":[{"href":"https:\/\/designschablone-wandschablonen.de\/en\/wp-json\/wp\/v2\/media?parent=4113"}],"wp:term":[{"taxonomy":"product_brand","embeddable":true,"href":"https:\/\/designschablone-wandschablonen.de\/en\/wp-json\/wp\/v2\/product_brand?post=4113"},{"taxonomy":"product_cat","embeddable":true,"href":"https:\/\/designschablone-wandschablonen.de\/en\/wp-json\/wp\/v2\/product_cat?post=4113"},{"taxonomy":"product_tag","embeddable":true,"href":"https:\/\/designschablone-wandschablonen.de\/en\/wp-json\/wp\/v2\/product_tag?post=4113"}],"curies":[{"name":"wp","href":"https:\/\/api.w.org\/{rel}","templated":true}]}}